{"id":476,"date":"2020-04-08T09:27:03","date_gmt":"2020-04-08T09:27:03","guid":{"rendered":"https:\/\/course.f02h.eu\/all-courses\/"},"modified":"2023-04-02T17:01:01","modified_gmt":"2023-04-02T15:01:01","slug":"all-courses","status":"publish","type":"page","link":"https:\/\/course.f02h.eu\/sl\/","title":{"rendered":"Vsi te\u010daji"},"content":{"rendered":"<div data-elementor-type=\"wp-page\" data-elementor-id=\"476\" class=\"elementor elementor-476\" data-elementor-post-type=\"page\">\n\t\t\t\t\t\t<section class=\"elementor-section elementor-top-section elementor-element elementor-element-79dde01 elementor-section-boxed elementor-section-height-default elementor-section-height-default\" data-id=\"79dde01\" data-element_type=\"section\" data-e-type=\"section\" data-settings=\"{&quot;background_background&quot;:&quot;classic&quot;}\">\n\t\t\t\t\t\t\t<div class=\"elementor-background-overlay\"><\/div>\n\t\t\t\t\t\t\t<div class=\"elementor-container elementor-column-gap-no\">\n\t\t\t\t\t<div class=\"elementor-column elementor-col-100 elementor-top-column elementor-element elementor-element-80293b9\" data-id=\"80293b9\" data-element_type=\"column\" data-e-type=\"column\">\n\t\t\t<div class=\"elementor-widget-wrap elementor-element-populated\">\n\t\t\t\t\t\t<div class=\"elementor-element elementor-element-de8583b elementor-widget__width-auto elementor-widget elementor-widget-heading\" data-id=\"de8583b\" data-element_type=\"widget\" data-e-type=\"widget\" data-widget_type=\"heading.default\">\n\t\t\t\t<div class=\"elementor-widget-container\">\n\t\t\t\t\t<h1 class=\"elementor-heading-title elementor-size-default\">Dobrodo\u0161li na te\u010daju \"From zero to HERO\"<\/h1>\t\t\t\t<\/div>\n\t\t\t\t<\/div>\n\t\t\t\t<div class=\"elementor-element elementor-element-b6c15a5 elementor-widget elementor-widget-text-editor\" data-id=\"b6c15a5\" data-element_type=\"widget\" data-e-type=\"widget\" data-widget_type=\"text-editor.default\">\n\t\t\t\t<div class=\"elementor-widget-container\">\n\t\t\t\t\t\t\t\t\t<h4><span style=\"color: #ffffff;\">- Te\u010daj o digitalnem podjetni\u0161tvu, ki se za\u010dne od ni\u010dle in vas popelje... kamorkoli se odlo\u010dite! -<br \/><\/span><\/h4>\t\t\t\t\t\t\t\t<\/div>\n\t\t\t\t<\/div>\n\t\t\t\t\t<\/div>\n\t\t<\/div>\n\t\t\t\t\t<\/div>\n\t\t<\/section>\n\t\t\t\t<section class=\"elementor-section elementor-top-section elementor-element elementor-element-6512519 elementor-section-content-middle elementor-section-boxed elementor-section-height-default elementor-section-height-default\" data-id=\"6512519\" data-element_type=\"section\" data-e-type=\"section\" data-settings=\"{&quot;background_background&quot;:&quot;classic&quot;}\">\n\t\t\t\t\t\t<div class=\"elementor-container elementor-column-gap-default\">\n\t\t\t\t\t<div class=\"elementor-column elementor-col-100 elementor-top-column elementor-element elementor-element-da37464\" data-id=\"da37464\" data-element_type=\"column\" data-e-type=\"column\" id=\"cuadro-curso\">\n\t\t\t<div class=\"elementor-widget-wrap elementor-element-populated\">\n\t\t\t\t\t\t<div class=\"elementor-element elementor-element-23b3f00 elementor-widget elementor-widget-spacer\" data-id=\"23b3f00\" data-element_type=\"widget\" data-e-type=\"widget\" data-widget_type=\"spacer.default\">\n\t\t\t\t<div class=\"elementor-widget-container\">\n\t\t\t\t\t\t\t<div class=\"elementor-spacer\">\n\t\t\t<div class=\"elementor-spacer-inner\"><\/div>\n\t\t<\/div>\n\t\t\t\t\t\t<\/div>\n\t\t\t\t<\/div>\n\t\t\t\t<div class=\"elementor-element elementor-element-469eabb elementor-widget-mobile__width-inherit elementor-widget elementor-widget-ld-course-list\" data-id=\"469eabb\" data-element_type=\"widget\" data-e-type=\"widget\" data-widget_type=\"ld-course-list.default\">\n\t\t\t\t<div class=\"elementor-widget-container\">\n\t\t\t\t\t<div id=\"ld-course-list-content-455a2c28ac5710f866ffa149e00ee8e3\" class=\"ld-course-list-content\" data-shortcode-atts=\"{&quot;num&quot;:&quot;1&quot;,&quot;order&quot;:&quot;DESC&quot;,&quot;orderby&quot;:&quot;ID&quot;,&quot;course_grid&quot;:&quot;true&quot;,&quot;progress_bar&quot;:&quot;true&quot;,&quot;col&quot;:&quot;1&quot;,&quot;course_tag_id&quot;:&quot;14&quot;,&quot;course_categoryselector&quot;:&quot;&quot;}\">\n\t\t\t<div class=\"ld-course-list-items row\">\n\t<!-- LearnDash Course Grid v1 --><div class=\"ld_course_grid col-sm-12 col-md-12\">\n\t<article id=\"post-19\" class=\"thumbnail course post-19 sfwd-courses type-sfwd-courses status-publish has-post-thumbnail hentry ld_course_tag-f02h\">\n\t\t\t\t\t\t\t\t<div class=\"ribbon\">\n\t\t\t\tBREZPLA\u010cNO\t\t\t<\/div>\n\t\t\t\n\t\t\t\t\t\t<a\n\t\t\t\taria-hidden=\"true\"\n\t\t\t\thref=\"https:\/\/course.f02h.eu\/sl\/courses\/od-zero-do-heroja-na-kurz\/\"\n\t\t\t\ttabindex=\"-1\"\n\t\t\t>\n\t\t\t\t<img fetchpriority=\"high\" decoding=\"async\" width=\"300\" height=\"169\" src=\"https:\/\/course.f02h.eu\/wp-content\/uploads\/2023\/01\/bg-09-free-img-300x169.jpg\" class=\"attachment-medium size-medium wp-post-image\" alt=\"From zero to HERO: Digitalno podjetni\u0161tvo\" srcset=\"https:\/\/course.f02h.eu\/wp-content\/uploads\/2023\/01\/bg-09-free-img-300x169.jpg 300w, https:\/\/course.f02h.eu\/wp-content\/uploads\/2023\/01\/bg-09-free-img-1024x576.jpg 1024w, https:\/\/course.f02h.eu\/wp-content\/uploads\/2023\/01\/bg-09-free-img-768x432.jpg 768w, https:\/\/course.f02h.eu\/wp-content\/uploads\/2023\/01\/bg-09-free-img-1536x864.jpg 1536w, https:\/\/course.f02h.eu\/wp-content\/uploads\/2023\/01\/bg-09-free-img.jpg 1920w\" sizes=\"(max-width: 300px) 100vw, 300px\" \/>\t\t\t<\/a>\n\t\t\t\t\t\n\t\t\t\t\t<div class=\"caption\">\n\t\t\t\t<h3 class=\"entry-title\">From zero to HERO: Digitalno podjetni\u0161tvo<\/h3>\n\t\t\t\t\t\t\t\t<div class=\"ld_course_grid_button\">\n\t\t\t\t\t<a\n\t\t\t\t\t\taria-label=\"Enroll Now: From zero to HERO: Digital Entrepreneurship\"\n\t\t\t\t\t\tclass=\"btn btn-primary\"\n\t\t\t\t\t\thref=\"https:\/\/course.f02h.eu\/sl\/courses\/od-zero-do-heroja-na-kurz\/\"\n\t\t\t\t\t>\n\t\t\t\t\t\tEnroll Now\t\t\t\t\t<\/a>\n\t\t\t\t<\/div>\n\t\t\t\t\t\t\t\t\t\t\t\t\t\t\t\t\t\t\t\t\t\t\t\t\t\t\t<\/div><!-- .entry-header -->\n\t\t\t<\/article><!-- #post-## -->\n<\/div><!-- .ld_course_grid -->\n\t<\/div>\n\t\t\t<\/div>\n\t\t\t\t\t\t<\/div>\n\t\t\t\t<\/div>\n\t\t\t\t\t<\/div>\n\t\t<\/div>\n\t\t\t\t\t<\/div>\n\t\t<\/section>\n\t\t\t\t<section class=\"elementor-section elementor-top-section elementor-element elementor-element-0d9d24b elementor-section-boxed elementor-section-height-default elementor-section-height-default\" data-id=\"0d9d24b\" data-element_type=\"section\" data-e-type=\"section\">\n\t\t\t\t\t\t<div class=\"elementor-container elementor-column-gap-default\">\n\t\t\t\t\t<div class=\"elementor-column elementor-col-100 elementor-top-column elementor-element elementor-element-3cca376\" data-id=\"3cca376\" data-element_type=\"column\" data-e-type=\"column\">\n\t\t\t<div class=\"elementor-widget-wrap elementor-element-populated\">\n\t\t\t\t\t\t<div class=\"elementor-element elementor-element-34e3844 elementor-widget elementor-widget-spacer\" data-id=\"34e3844\" data-element_type=\"widget\" data-e-type=\"widget\" data-widget_type=\"spacer.default\">\n\t\t\t\t<div class=\"elementor-widget-container\">\n\t\t\t\t\t\t\t<div class=\"elementor-spacer\">\n\t\t\t<div class=\"elementor-spacer-inner\"><\/div>\n\t\t<\/div>\n\t\t\t\t\t\t<\/div>\n\t\t\t\t<\/div>\n\t\t\t\t\t<\/div>\n\t\t<\/div>\n\t\t\t\t\t<\/div>\n\t\t<\/section>\n\t\t\t\t<\/div>","protected":false},"excerpt":{"rendered":"<p>Dobrodo\u0161li na te\u010daju \"From zero to HERO\" - Te\u010daj o digitalnem podjetni\u0161tvu, ki se za\u010dne od ni\u010d in vas popelje... kamorkoli se odlo\u010dite! -<\/p>","protected":false},"author":1,"featured_media":0,"parent":0,"menu_order":0,"comment_status":"closed","ping_status":"closed","template":"","meta":{"_acf_changed":false,"_monsterinsights_skip_tracking":false,"_monsterinsights_sitenote_active":false,"_monsterinsights_sitenote_note":"","_monsterinsights_sitenote_category":0,"site-sidebar-layout":"no-sidebar","site-content-layout":"page-builder","ast-site-content-layout":"default","site-content-style":"default","site-sidebar-style":"default","ast-global-header-display":"","ast-banner-title-visibility":"","ast-main-header-display":"","ast-hfb-above-header-display":"","ast-hfb-below-header-display":"","ast-hfb-mobile-header-display":"","site-post-title":"disabled","ast-breadcrumbs-content":"disabled","ast-featured-img":"disabled","footer-sml-layout":"","ast-disable-related-posts":"","theme-transparent-header-meta":"enabled","adv-header-id-meta":"","stick-header-meta":"","header-above-stick-meta":"","header-main-stick-meta":"","header-below-stick-meta":"","astra-migrate-meta-layouts":"default","ast-page-background-enabled":"default","ast-page-background-meta":{"desktop":{"background-color":"","background-image":"","background-repeat":"repeat","background-position":"center center","background-size":"auto","background-attachment":"scroll","background-type":"","background-media":"","overlay-type":"","overlay-color":"","overlay-opacity":"","overlay-gradient":""},"tablet":{"background-color":"","background-image":"","background-repeat":"repeat","background-position":"center center","background-size":"auto","background-attachment":"scroll","background-type":"","background-media":"","overlay-type":"","overlay-color":"","overlay-opacity":"","overlay-gradient":""},"mobile":{"background-color":"","background-image":"","background-repeat":"repeat","background-position":"center center","background-size":"auto","background-attachment":"scroll","background-type":"","background-media":"","overlay-type":"","overlay-color":"","overlay-opacity":"","overlay-gradient":""}},"ast-content-background-meta":{"desktop":{"background-color":"var(--ast-global-color-5)","background-image":"","background-repeat":"repeat","background-position":"center center","background-size":"auto","background-attachment":"scroll","background-type":"","background-media":"","overlay-type":"","overlay-color":"","overlay-opacity":"","overlay-gradient":""},"tablet":{"background-color":"var(--ast-global-color-5)","background-image":"","background-repeat":"repeat","background-position":"center center","background-size":"auto","background-attachment":"scroll","background-type":"","background-media":"","overlay-type":"","overlay-color":"","overlay-opacity":"","overlay-gradient":""},"mobile":{"background-color":"var(--ast-global-color-5)","background-image":"","background-repeat":"repeat","background-position":"center center","background-size":"auto","background-attachment":"scroll","background-type":"","background-media":"","overlay-type":"","overlay-color":"","overlay-opacity":"","overlay-gradient":""}},"footnotes":""},"class_list":["post-476","page","type-page","status-publish","hentry"],"acf":[],"_links":{"self":[{"href":"https:\/\/course.f02h.eu\/sl\/wp-json\/wp\/v2\/pages\/476","targetHints":{"allow":["GET"]}}],"collection":[{"href":"https:\/\/course.f02h.eu\/sl\/wp-json\/wp\/v2\/pages"}],"about":[{"href":"https:\/\/course.f02h.eu\/sl\/wp-json\/wp\/v2\/types\/page"}],"author":[{"embeddable":true,"href":"https:\/\/course.f02h.eu\/sl\/wp-json\/wp\/v2\/users\/1"}],"replies":[{"embeddable":true,"href":"https:\/\/course.f02h.eu\/sl\/wp-json\/wp\/v2\/comments?post=476"}],"version-history":[{"count":59,"href":"https:\/\/course.f02h.eu\/sl\/wp-json\/wp\/v2\/pages\/476\/revisions"}],"predecessor-version":[{"id":1387,"href":"https:\/\/course.f02h.eu\/sl\/wp-json\/wp\/v2\/pages\/476\/revisions\/1387"}],"wp:attachment":[{"href":"https:\/\/course.f02h.eu\/sl\/wp-json\/wp\/v2\/media?parent=476"}],"curies":[{"name":"wp","href":"https:\/\/api.w.org\/{rel}","templated":true}]}}