{"id":2131,"date":"2023-05-14T10:32:42","date_gmt":"2023-05-14T08:32:42","guid":{"rendered":"https:\/\/course.f02h.eu\/?page_id=2131"},"modified":"2023-05-14T10:34:09","modified_gmt":"2023-05-14T08:34:09","slug":"resend-validation","status":"publish","type":"page","link":"https:\/\/course.f02h.eu\/sl\/ponovno-posiljanje-potrditve\/","title":{"rendered":"Ponovno po\u0161ljite potrditveno e-po\u0161to"},"content":{"rendered":"<div data-elementor-type=\"wp-page\" data-elementor-id=\"2131\" class=\"elementor elementor-2131\" data-elementor-post-type=\"page\">\n\t\t\t\t\t\t<section class=\"elementor-section elementor-top-section elementor-element elementor-element-9866386 elementor-section-boxed elementor-section-height-default elementor-section-height-default\" data-id=\"9866386\" data-element_type=\"section\" data-e-type=\"section\">\n\t\t\t\t\t\t<div class=\"elementor-container elementor-column-gap-default\">\n\t\t\t\t\t<div class=\"elementor-column elementor-col-100 elementor-top-column elementor-element elementor-element-040cc28\" data-id=\"040cc28\" data-element_type=\"column\" data-e-type=\"column\">\n\t\t\t<div class=\"elementor-widget-wrap elementor-element-populated\">\n\t\t\t\t\t\t<div class=\"elementor-element elementor-element-d665bf2 elementor-widget elementor-widget-heading\" data-id=\"d665bf2\" data-element_type=\"widget\" data-e-type=\"widget\" data-widget_type=\"heading.default\">\n\t\t\t\t<div class=\"elementor-widget-container\">\n\t\t\t\t\t<h2 class=\"elementor-heading-title elementor-size-default\">Naj vas pravilno namestimo<\/h2>\t\t\t\t<\/div>\n\t\t\t\t<\/div>\n\t\t\t\t\t<\/div>\n\t\t<\/div>\n\t\t\t\t\t<\/div>\n\t\t<\/section>\n\t\t\t\t<section class=\"elementor-section elementor-top-section elementor-element elementor-element-86c955f elementor-section-boxed elementor-section-height-default elementor-section-height-default\" data-id=\"86c955f\" data-element_type=\"section\" data-e-type=\"section\">\n\t\t\t\t\t\t<div class=\"elementor-container elementor-column-gap-default\">\n\t\t\t\t\t<div class=\"elementor-column elementor-col-100 elementor-top-column elementor-element elementor-element-c60d49b\" data-id=\"c60d49b\" data-element_type=\"column\" data-e-type=\"column\">\n\t\t\t<div class=\"elementor-widget-wrap elementor-element-populated\">\n\t\t\t\t\t\t<div class=\"elementor-element elementor-element-762be2f elementor-widget elementor-widget-text-editor\" data-id=\"762be2f\" data-element_type=\"widget\" data-e-type=\"widget\" data-widget_type=\"text-editor.default\">\n\t\t\t\t<div class=\"elementor-widget-container\">\n\t\t\t\t\t\t\t\t\t<p>\u00a0\u00a0 Preden se lahko registrirate in dostopate do te\u010daja, morate <strong>preverite svoj e-po\u0161tni naslov<\/strong>. V ta namen smo vam na e-po\u0161tni naslov, ki ste ga navedli ob registraciji, poslali e-po\u0161tno sporo\u010dilo. \u010ce tega e-po\u0161tnega sporo\u010dila niste prejeli, je to lahko posledica ve\u010d razlogov:<\/p><ul><li>Vpisano e-po\u0161tno sporo\u010dilo je bilo napa\u010dno.<\/li><li>Va\u0161 <strong>v nabiralnik je<\/strong> <strong>celotna<\/strong> in ne morete ve\u010d prejemati novih e-po\u0161tnih sporo\u010dil.<\/li><li>E-po\u0161tno sporo\u010dilo je bilo lahko ozna\u010deno kot \"<strong>SPAM<\/strong>\". Prepri\u010dajte se, da ste preverili svoj <strong>mapa SPAM<\/strong> in navedite, da ne gre za SPAM.<\/li><li>Iz nekega razloga je bilo e-po\u0161tno sporo\u010dilo poslano ali pa se je izgubilo na poti!... lahko uporabite spodnji gumb, da ga prejmete. <strong>poslal<\/strong> ponovno vam.<\/li><\/ul>\t\t\t\t\t\t\t\t<\/div>\n\t\t\t\t<\/div>\n\t\t\t\t\t<\/div>\n\t\t<\/div>\n\t\t\t\t\t<\/div>\n\t\t<\/section>\n\t\t\t\t<section class=\"elementor-section elementor-top-section elementor-element elementor-element-c8df1b0 elementor-section-full_width elementor-section-content-middle elementor-section-height-default elementor-section-height-default\" data-id=\"c8df1b0\" data-element_type=\"section\" data-e-type=\"section\">\n\t\t\t\t\t\t<div class=\"elementor-container elementor-column-gap-default\">\n\t\t\t\t\t<div class=\"elementor-column elementor-col-100 elementor-top-column elementor-element elementor-element-d422b53\" data-id=\"d422b53\" data-element_type=\"column\" data-e-type=\"column\">\n\t\t\t<div class=\"elementor-widget-wrap elementor-element-populated\">\n\t\t\t\t\t\t<div class=\"elementor-element elementor-element-717a1ce elementor-widget elementor-widget-shortcode\" data-id=\"717a1ce\" data-element_type=\"widget\" data-e-type=\"widget\" data-widget_type=\"shortcode.default\">\n\t\t\t\t<div class=\"elementor-widget-container\">\n\t\t\t\t\t\t\t<div class=\"elementor-shortcode\"><form enctype=\"multipart\/form-data\" method=\"post\" id=\"wppbc-resend_activation\" class=\"wppb-user-forms\" action=\"\" data-trp-original-action=\"\">\n        <li class=\"wppb-form-field\">\n        <label for=\"username_email\" style=\"padding-right: 30px;\">Email<\/label>\n        <input  class=\"text-input\" name=\"email\" type=\"text\" id=\"username_email\" value=\"\" \/>\n        <div style=\"padding-top: 20px;\">\n            <input name=\"resend_activation\" type=\"submit\" id=\"wppbc-resend-activation-button\" class=\"submit button\" value=\"Resend activation email\" \/>\n            <input name=\"action\" type=\"hidden\" id=\"action\" value=\"wppbc_resend_activation\" \/>\n    \t\t<input type=\"hidden\" name=\"wppb_nonce\" value=\"7d794a6016\" \/>\n        <\/div>\n        <\/li>\n    <input type=\"hidden\" name=\"trp-form-language\" value=\"sl\"\/><\/form><\/div>\n\t\t\t\t\t\t<\/div>\n\t\t\t\t<\/div>\n\t\t\t\t\t<\/div>\n\t\t<\/div>\n\t\t\t\t\t<\/div>\n\t\t<\/section>\n\t\t\t\t<\/div>","protected":false},"excerpt":{"rendered":"<p>Let&#8217;s get you installed properly \u00a0\u00a0 Before you can register and access the course we need you to please verify your email address. In order to do it, we sent you an email to the email address you provided when you registered. If you did not received that email it could be for several reasons: [&hellip;]<\/p>\n","protected":false},"author":1,"featured_media":0,"parent":0,"menu_order":0,"comment_status":"closed","ping_status":"closed","template":"","meta":{"_acf_changed":false,"_monsterinsights_skip_tracking":false,"_monsterinsights_sitenote_active":false,"_monsterinsights_sitenote_note":"","_monsterinsights_sitenote_category":0,"site-sidebar-layout":"no-sidebar","site-content-layout":"page-builder","ast-site-content-layout":"default","site-content-style":"default","site-sidebar-style":"default","ast-global-header-display":"","ast-banner-title-visibility":"","ast-main-header-display":"","ast-hfb-above-header-display":"","ast-hfb-below-header-display":"","ast-hfb-mobile-header-display":"","site-post-title":"disabled","ast-breadcrumbs-content":"","ast-featured-img":"disabled","footer-sml-layout":"","ast-disable-related-posts":"","theme-transparent-header-meta":"","adv-header-id-meta":"","stick-header-meta":"","header-above-stick-meta":"","header-main-stick-meta":"","header-below-stick-meta":"","astra-migrate-meta-layouts":"default","ast-page-background-enabled":"default","ast-page-background-meta":{"desktop":{"background-color":"","background-image":"","background-repeat":"repeat","background-position":"center center","background-size":"auto","background-attachment":"scroll","background-type":"","background-media":"","overlay-type":"","overlay-color":"","overlay-opacity":"","overlay-gradient":""},"tablet":{"background-color":"","background-image":"","background-repeat":"repeat","background-position":"center center","background-size":"auto","background-attachment":"scroll","background-type":"","background-media":"","overlay-type":"","overlay-color":"","overlay-opacity":"","overlay-gradient":""},"mobile":{"background-color":"","background-image":"","background-repeat":"repeat","background-position":"center center","background-size":"auto","background-attachment":"scroll","background-type":"","background-media":"","overlay-type":"","overlay-color":"","overlay-opacity":"","overlay-gradient":""}},"ast-content-background-meta":{"desktop":{"background-color":"var(--ast-global-color-5)","background-image":"","background-repeat":"repeat","background-position":"center center","background-size":"auto","background-attachment":"scroll","background-type":"","background-media":"","overlay-type":"","overlay-color":"","overlay-opacity":"","overlay-gradient":""},"tablet":{"background-color":"var(--ast-global-color-5)","background-image":"","background-repeat":"repeat","background-position":"center center","background-size":"auto","background-attachment":"scroll","background-type":"","background-media":"","overlay-type":"","overlay-color":"","overlay-opacity":"","overlay-gradient":""},"mobile":{"background-color":"var(--ast-global-color-5)","background-image":"","background-repeat":"repeat","background-position":"center center","background-size":"auto","background-attachment":"scroll","background-type":"","background-media":"","overlay-type":"","overlay-color":"","overlay-opacity":"","overlay-gradient":""}},"footnotes":""},"class_list":["post-2131","page","type-page","status-publish","hentry"],"acf":[],"_links":{"self":[{"href":"https:\/\/course.f02h.eu\/sl\/wp-json\/wp\/v2\/pages\/2131","targetHints":{"allow":["GET"]}}],"collection":[{"href":"https:\/\/course.f02h.eu\/sl\/wp-json\/wp\/v2\/pages"}],"about":[{"href":"https:\/\/course.f02h.eu\/sl\/wp-json\/wp\/v2\/types\/page"}],"author":[{"embeddable":true,"href":"https:\/\/course.f02h.eu\/sl\/wp-json\/wp\/v2\/users\/1"}],"replies":[{"embeddable":true,"href":"https:\/\/course.f02h.eu\/sl\/wp-json\/wp\/v2\/comments?post=2131"}],"version-history":[{"count":4,"href":"https:\/\/course.f02h.eu\/sl\/wp-json\/wp\/v2\/pages\/2131\/revisions"}],"predecessor-version":[{"id":2135,"href":"https:\/\/course.f02h.eu\/sl\/wp-json\/wp\/v2\/pages\/2131\/revisions\/2135"}],"wp:attachment":[{"href":"https:\/\/course.f02h.eu\/sl\/wp-json\/wp\/v2\/media?parent=2131"}],"curies":[{"name":"wp","href":"https:\/\/api.w.org\/{rel}","templated":true}]}}